{"id":2,"date":"2020-03-01T14:02:19","date_gmt":"2020-03-01T13:02:19","guid":{"rendered":"http:\/\/youpi34.fr\/?page_id=2"},"modified":"2021-11-22T19:03:54","modified_gmt":"2021-11-22T18:03:54","slug":"page-d-exemple","status":"publish","type":"page","link":"https:\/\/youpi34.fr\/?page_id=2","title":{"rendered":"Mon activit\u00e9"},"content":{"rendered":"\n<p>Depuis de nombreuses ann\u00e9es, je cr\u00e9e des jeux en bois pour m\u2019amuser. Mes premi\u00e8res cr\u00e9ations ont \u00e9t\u00e9 r\u00e9alis\u00e9es sur l\u2019Ile de La r\u00e9union, pour les anniversaires de mes enfants lorsqu\u2019ils \u00e9taient petits. Appr\u00e9ci\u00e9s par les petits comme par les grands, et gr\u00e2ce au bouche-\u00e0-oreilles, j\u2019en suis venue \u00e0 participer aux kermesses des \u00e9coles \u00e9l\u00e9mentaires et maternelles de notre quartier\u00a0! De retour en M\u00e9tropole, le sch\u00e9ma s\u2019est reproduit\u00a0! Et les jeux ont \u00e9t\u00e9 utilis\u00e9s lors d\u2019anniversaires d\u2019amis, lors de f\u00eates de famille ainsi que dans les \u00e9tablissements scolaires. J\u2019ai alors d\u00e9cid\u00e9 d\u2019en faire une v\u00e9ritable activit\u00e9 professionnelle, donc de les louer aux particuliers, ainsi qu&rsquo;aux collectivit\u00e9s, aux associations, aux entreprises.<\/p>\n\n\n\n<p>  J\u2019attache une importance particuli\u00e8re \u00e0 la singularit\u00e9 des jeux et \u00e0 leur esth\u00e9tisme. Ils sont tous uniques. Les jeux sont en bois (pin notamment) mais dans de rares cas ils sont r\u00e9alis\u00e9s avec d\u2019autres mat\u00e9riaux. Pourquoi le bois&nbsp;? Parce c\u2019est un mat\u00e9riau naturel, et recyclable. Je privil\u00e9gie le circuit court: le pin est local, la fabrication \u00e9galement et je mets mes jeux \u00e0 disposition des clients dans un rayon relativement limit\u00e9. Le but \u00e9tant de rester dans une activit\u00e9 artisanale et de proximit\u00e9. <\/p>\n\n\n\n<p>Et j\u2019aime voir les enfants, leur famille, leurs amis, prendre du plaisir \u00e0 jouer ensemble \u00e0 l\u2019int\u00e9rieur mais surtout en ext\u00e9rieur.<\/p>\n","protected":false},"excerpt":{"rendered":"<p>Depuis de nombreuses ann\u00e9es, je cr\u00e9e des jeux en bois pour m\u2019amuser. Mes premi\u00e8res cr\u00e9ations ont \u00e9t\u00e9 r\u00e9alis\u00e9es sur l\u2019Ile de La r\u00e9union, pour les anniversaires de mes enfants lorsqu\u2019ils \u00e9taient petits. Appr\u00e9ci\u00e9s par les petits comme par les grands, et gr\u00e2ce au bouche-\u00e0-oreilles, j\u2019en suis venue \u00e0 participer aux kermesses des \u00e9coles \u00e9l\u00e9mentaires et [&hellip;]<\/p>\n","protected":false},"author":1,"featured_media":0,"parent":0,"menu_order":0,"comment_status":"closed","ping_status":"open","template":"","meta":{"ngg_post_thumbnail":0},"_links":{"self":[{"href":"https:\/\/youpi34.fr\/index.php?rest_route=\/wp\/v2\/pages\/2"}],"collection":[{"href":"https:\/\/youpi34.fr\/index.php?rest_route=\/wp\/v2\/pages"}],"about":[{"href":"https:\/\/youpi34.fr\/index.php?rest_route=\/wp\/v2\/types\/page"}],"author":[{"embeddable":true,"href":"https:\/\/youpi34.fr\/index.php?rest_route=\/wp\/v2\/users\/1"}],"replies":[{"embeddable":true,"href":"https:\/\/youpi34.fr\/index.php?rest_route=%2Fwp%2Fv2%2Fcomments&post=2"}],"version-history":[{"count":3,"href":"https:\/\/youpi34.fr\/index.php?rest_route=\/wp\/v2\/pages\/2\/revisions"}],"predecessor-version":[{"id":459,"href":"https:\/\/youpi34.fr\/index.php?rest_route=\/wp\/v2\/pages\/2\/revisions\/459"}],"wp:attachment":[{"href":"https:\/\/youpi34.fr\/index.php?rest_route=%2Fwp%2Fv2%2Fmedia&parent=2"}],"curies":[{"name":"wp","href":"https:\/\/api.w.org\/{rel}","templated":true}]}}