{"id":15,"date":"2020-03-06T17:09:05","date_gmt":"2020-03-06T16:09:05","guid":{"rendered":"http:\/\/youpi34.fr\/?page_id=15"},"modified":"2020-12-06T11:20:19","modified_gmt":"2020-12-06T10:20:19","slug":"les-jeux","status":"publish","type":"page","link":"https:\/\/youpi34.fr\/","title":{"rendered":"Les jeux"},"content":{"rendered":"\n<style>.ngg-imagebrowser.default-view {\tmargin: auto !important }\n.ngg-imagebrowser-nav .counter { display: none }\n<\/style>\n\n\n\n<p><strong>Les jeux en location sont en bois, fabriqu\u00e9s artisanalement \u00e0 Jacou, au nord de Montpellier, et chaque exemplaire est unique.<\/strong><\/p>\n\n\n\n<p>Certains sont adapt\u00e9s aux tout petits, et la plupart peuvent \u00eatre utilis\u00e9s par toute personne de 6 ans \u00e0 100 ans&nbsp;!<\/p>\n\n\n\n<p>Il y a des jeux d\u2019adresse, de rapidit\u00e9, d\u2019observation, de\nm\u00e9morisation. <\/p>\n\n\n\n<p>Beaucoup stimulent la motricit\u00e9 et la coordination. <\/p>\n\n\n\n<p>Quelques-uns demandent de la coop\u00e9ration. <\/p>\n\n\n\n<p>Je vous invite \u00e0 consulter les jeux dans les galeries photos ci dessous.<\/p>\n\n\n\n<h2><strong>Les jeux g\u00e9ants<\/strong> en bois<\/h2>\n\n\n\n\n\n\t<div class='ngg-imagebrowser default-view'\n         id='ngg-imagebrowser-8ff0a45e256ae8d028f7def1147a17e8-15'\n         data-nextgen-gallery-id=\"8ff0a45e256ae8d028f7def1147a17e8\">\n\n        <h3>Jeu de palet rouge et noir (grand jeu)<\/h3>\n\n\t\t<div id=\"ngg-image-0\" class=\"pic\" >\n        \n        <a href='https:\/\/youpi34.fr\/wp-content\/gallery\/jeux_geants\/IMG_0732-scaled.jpg'\n           title='Envoyer tous ses palets chez son adversaire. D\u00e8s 3 ans.\r\nBois, peinture et vernis.'\n           data-src=\"https:\/\/youpi34.fr\/wp-content\/gallery\/jeux_geants\/IMG_0732-scaled.jpg\"\n           data-thumbnail=\"https:\/\/youpi34.fr\/wp-content\/gallery\/jeux_geants\/thumbs\/thumbs_IMG_0732-scaled.jpg\"\n           data-image-id=\"67\"\n           data-title=\"Jeu de palet rouge et noir (grand jeu)\"\n           data-description=\"Envoyer tous ses palets chez son adversaire. D\u00e8s 3 ans.\r\nBois, peinture et vernis.\"\n           class=\"ngg-simplelightbox\" rel=\"8ff0a45e256ae8d028f7def1147a17e8\">\n            <img title='Jeu de palet rouge et noir (grand jeu)'\n                 alt='Jeu de palet rouge et noir (grand jeu)'\n                 src='https:\/\/youpi34.fr\/wp-content\/gallery\/jeux_geants\/IMG_0732-scaled.jpg'\/>\n        <\/a>\n\t    \n        <\/div> \n\n        <div class='ngg-imagebrowser-nav'>\n\n            <div class='back'>\n                <a class='ngg-browser-prev'\n                   id='ngg-prev-36'\n                   href='https:\/\/youpi34.fr\/index.php\/nggallery\/image\/img_0826-scaled?rest_route=%2Fwp%2Fv2%2Fpages%2F15\/'>\n                    <i class=\"fa fa-chevron-left\" aria-hidden=\"true\"><\/i>\n                <\/a>\n            <\/div>\n\n            <div class='next'>\n                <a class='ngg-browser-next'\n                   id='ngg-next-131'\n                   href='https:\/\/youpi34.fr\/index.php\/nggallery\/image\/grands-jeux-youpi-1-sur-1-scaled?rest_route=%2Fwp%2Fv2%2Fpages%2F15\/'>\n                    <i class=\"fa fa-chevron-right\" aria-hidden=\"true\"><\/i>\n                <\/a>\n            <\/div>\n\n            <div class='counter'>\n                Image                1                parmi                29            <\/div>\n\n            <div class='ngg-imagebrowser-desc'>\n                <p>Envoyer tous ses palets chez son adversaire. D\u00e8s 3 ans.\r\nBois, peinture et vernis.<\/p>\n            <\/div>\n\n        <\/div>\n    <\/div>\n\n\n\n\n\n<h2>Les petits jeux en bois<\/h2>\n\n\n\n\n\n\t<div class='ngg-imagebrowser default-view'\n         id='ngg-imagebrowser-0c7f2b0a0d6d1a365665c0e42becbd85-15'\n         data-nextgen-gallery-id=\"0c7f2b0a0d6d1a365665c0e42becbd85\">\n\n        <h3>Puzzle blanc et chat noir (petit jeu)<\/h3>\n\n\t\t<div id=\"ngg-image-0\" class=\"pic\" >\n        \n        <a href='https:\/\/youpi34.fr\/wp-content\/gallery\/petits_jeux\/Petits-jeux-youpi-14-sur-79-scaled.jpg'\n           title='Reconstituer le puzzle avec les pi\u00e8ces. (4 ans et +)\r\nBois vernis et peinture'\n           data-src=\"https:\/\/youpi34.fr\/wp-content\/gallery\/petits_jeux\/Petits-jeux-youpi-14-sur-79-scaled.jpg\"\n           data-thumbnail=\"https:\/\/youpi34.fr\/wp-content\/gallery\/petits_jeux\/thumbs\/thumbs_Petits-jeux-youpi-14-sur-79-scaled.jpg\"\n           data-image-id=\"22\"\n           data-title=\"Puzzle blanc et chat noir (petit jeu)\"\n           data-description=\"Reconstituer le puzzle avec les pi\u00e8ces. (4 ans et +)\r\nBois vernis et peinture\"\n           class=\"ngg-simplelightbox\" rel=\"0c7f2b0a0d6d1a365665c0e42becbd85\">\n            <img title='Puzzle blanc et chat noir (petit jeu)'\n                 alt='Puzzle blanc et chat noir (petit jeu)'\n                 src='https:\/\/youpi34.fr\/wp-content\/gallery\/petits_jeux\/Petits-jeux-youpi-14-sur-79-scaled.jpg'\/>\n        <\/a>\n\t    \n        <\/div> \n\n        <div class='ngg-imagebrowser-nav'>\n\n            <div class='back'>\n                <a class='ngg-browser-prev'\n                   id='ngg-prev-3'\n                   href='https:\/\/youpi34.fr\/index.php\/nggallery\/image\/petits-jeux-youpi-19-sur-79-scaled?rest_route=%2Fwp%2Fv2%2Fpages%2F15\/'>\n                    <i class=\"fa fa-chevron-left\" aria-hidden=\"true\"><\/i>\n                <\/a>\n            <\/div>\n\n            <div class='next'>\n                <a class='ngg-browser-next'\n                   id='ngg-next-120'\n                   href='https:\/\/youpi34.fr\/index.php\/nggallery\/image\/petits-jeux-youpi-10-sur-12-1-scaled?rest_route=%2Fwp%2Fv2%2Fpages%2F15\/'>\n                    <i class=\"fa fa-chevron-right\" aria-hidden=\"true\"><\/i>\n                <\/a>\n            <\/div>\n\n            <div class='counter'>\n                Image                1                parmi                31            <\/div>\n\n            <div class='ngg-imagebrowser-desc'>\n                <p>Reconstituer le puzzle avec les pi\u00e8ces. (4 ans et +)\r\nBois vernis et peinture<\/p>\n            <\/div>\n\n        <\/div>\n    <\/div>\n\n\n\n\n\n<h2>Jeux \u00e0 vendre<\/h2>\n\n\n\n\n\n\t<div class='ngg-imagebrowser default-view'\n         id='ngg-imagebrowser-5b043db4d65115d8afe0076f78a2b0b8-15'\n         data-nextgen-gallery-id=\"5b043db4d65115d8afe0076f78a2b0b8\">\n\n        <h3>Maxi puzzle en bois<\/h3>\n\n\t\t<div id=\"ngg-image-0\" class=\"pic\" >\n        \n        <a href='https:\/\/youpi34.fr\/wp-content\/gallery\/jeux-a-vendre\/Grands-jeux-youpi-3-sur-5-scaled.jpg'\n           title='Prix: 54\u20ac'\n           data-src=\"https:\/\/youpi34.fr\/wp-content\/gallery\/jeux-a-vendre\/Grands-jeux-youpi-3-sur-5-scaled.jpg\"\n           data-thumbnail=\"https:\/\/youpi34.fr\/wp-content\/gallery\/jeux-a-vendre\/thumbs\/thumbs_Grands-jeux-youpi-3-sur-5-scaled.jpg\"\n           data-image-id=\"121\"\n           data-title=\"Maxi puzzle en bois\"\n           data-description=\"Prix: 54\u20ac\"\n           class=\"ngg-simplelightbox\" rel=\"5b043db4d65115d8afe0076f78a2b0b8\">\n            <img title='Maxi puzzle en bois'\n                 alt='Maxi puzzle en bois'\n                 src='https:\/\/youpi34.fr\/wp-content\/gallery\/jeux-a-vendre\/Grands-jeux-youpi-3-sur-5-scaled.jpg'\/>\n        <\/a>\n\t    \n        <\/div> \n\n        <div class='ngg-imagebrowser-nav'>\n\n            <div class='back'>\n                <a class='ngg-browser-prev'\n                   id='ngg-prev-134'\n                   href='https:\/\/youpi34.fr\/index.php\/nggallery\/image\/grands-jeux-youpi-3-sur-12-scaled?rest_route=%2Fwp%2Fv2%2Fpages%2F15\/'>\n                    <i class=\"fa fa-chevron-left\" aria-hidden=\"true\"><\/i>\n                <\/a>\n            <\/div>\n\n            <div class='next'>\n                <a class='ngg-browser-next'\n                   id='ngg-next-122'\n                   href='https:\/\/youpi34.fr\/index.php\/nggallery\/image\/grands-jeux-youpi-5-sur-5-scaled-e1607174889490?rest_route=%2Fwp%2Fv2%2Fpages%2F15\/'>\n                    <i class=\"fa fa-chevron-right\" aria-hidden=\"true\"><\/i>\n                <\/a>\n            <\/div>\n\n            <div class='counter'>\n                Image                1                parmi                7            <\/div>\n\n            <div class='ngg-imagebrowser-desc'>\n                <p>Prix: 54\u20ac<\/p>\n            <\/div>\n\n        <\/div>\n    <\/div>\n\n\n","protected":false},"excerpt":{"rendered":"<p>Les jeux en location sont en bois, fabriqu\u00e9s artisanalement \u00e0 Jacou, au nord de Montpellier, et chaque exemplaire est unique. Certains sont adapt\u00e9s aux tout petits, et la plupart peuvent \u00eatre utilis\u00e9s par toute personne de 6 ans \u00e0 100 ans&nbsp;! Il y a des jeux d\u2019adresse, de rapidit\u00e9, d\u2019observation, de m\u00e9morisation. Beaucoup stimulent la [&hellip;]<\/p>\n","protected":false},"author":1,"featured_media":0,"parent":0,"menu_order":0,"comment_status":"closed","ping_status":"closed","template":"","meta":{"ngg_post_thumbnail":0},"_links":{"self":[{"href":"https:\/\/youpi34.fr\/index.php?rest_route=\/wp\/v2\/pages\/15"}],"collection":[{"href":"https:\/\/youpi34.fr\/index.php?rest_route=\/wp\/v2\/pages"}],"about":[{"href":"https:\/\/youpi34.fr\/index.php?rest_route=\/wp\/v2\/types\/page"}],"author":[{"embeddable":true,"href":"https:\/\/youpi34.fr\/index.php?rest_route=\/wp\/v2\/users\/1"}],"replies":[{"embeddable":true,"href":"https:\/\/youpi34.fr\/index.php?rest_route=%2Fwp%2Fv2%2Fcomments&post=15"}],"version-history":[{"count":16,"href":"https:\/\/youpi34.fr\/index.php?rest_route=\/wp\/v2\/pages\/15\/revisions"}],"predecessor-version":[{"id":445,"href":"https:\/\/youpi34.fr\/index.php?rest_route=\/wp\/v2\/pages\/15\/revisions\/445"}],"wp:attachment":[{"href":"https:\/\/youpi34.fr\/index.php?rest_route=%2Fwp%2Fv2%2Fmedia&parent=15"}],"curies":[{"name":"wp","href":"https:\/\/api.w.org\/{rel}","templated":true}]}}