{"id":13,"date":"2020-03-06T17:07:49","date_gmt":"2020-03-06T16:07:49","guid":{"rendered":"http:\/\/youpi34.fr\/?page_id=13"},"modified":"2026-02-18T18:11:40","modified_gmt":"2026-02-18T17:11:40","slug":"location","status":"publish","type":"page","link":"https:\/\/youpi34.fr\/?page_id=13","title":{"rendered":"Location"},"content":{"rendered":"\n<p>Ces <strong>jeux en bois<\/strong> s\u2019adressent aux particuliers, aux associations, aux communes (mairie\u2026), aux \u00e9tablissements scolaires ou de sant\u00e9&#8230; Les jeux conviennent pour tout \u00e9v\u00e9nement festif avec des enfants : kermesse d&rsquo;\u00e9cole, f\u00eate associative, mariage, anniversaire&#8230;<\/p>\n\n\n\n<p>Les jeux sont \u00e0 louer \u00e0 la <strong>demi-journ\u00e9e<\/strong> (5h maximum dont installation et rangement), \u00e0 la <strong>journ\u00e9e<\/strong> (9h maximum dont installation et rangement) , ou un <strong>week-end<\/strong> entier. <\/p>\n\n\n\n<p>Je propose diff\u00e9rentes formules de location, dont un forfait anniversaire avec 12 jeux\/jouets en bois.<\/p>\n\n\n\n<p>La livraison est incluse, dans un rayon de 10 km <strong>autour de Jacou<\/strong>. Je facture le d\u00e9placement si je dois livrer \u00e0 plus de 10 kilom\u00e8tres de Jacou, selon un bar\u00e8me kilom\u00e9trique.<\/p>\n\n\n\n<p><strong>BAR\u00c8ME DES PRESTATIONS : <\/strong><\/p>\n\n\n\n<style>\n.youpi-presta {\nmin-width:130px;\n}\n@media (max-width:680px) {\n.youpi-presta {\nmin-width:110px;\n}\n.hidewhensmallscreen {\ndisplay:none;\n}\n}\n<\/style>\n<figure class=\"wp-block-table alignwide\">\n<table style=\"font-size: 0.8em;\"><tbody>\n<tr><td class=\"youpi-presta\"><strong>PRESTATION<\/strong><\/td>\n<td style=\"min-width:80px\"><strong>QUANTIT\u00c9 et CONDITIONS<\/strong><\/td>\n<td><strong>MONTANT<\/strong><\/td>\n<\/tr>\n<tr><td class=\"youpi-presta\"><strong>Prestation 1 : <\/strong><br><strong>Anniversaire !<\/strong><br><strong>Petite f\u00eate !<br><\/strong><\/td>\n<td><span class=\"hidewhensmallscreen\">Mise \u00e0 disposition de <\/span><strong>12 Jeux en bois.<\/strong>.<br>5 jeux g\u00e9ants + 7 petits jeux<br>Pr\u00e9sence de 25 personnes maximum.<\/td>\n<td><span style=\"white-space:nowrap\">Demi-journ\u00e9e, 5h&nbsp;:<\/span> <b>90\u20ac<\/b><br>Journ\u00e9e, 9h&nbsp;: <b>140\u20ac<\/b><br>Caution : 60\u20ac<\/td>\n<\/tr>\n<tr><td class=\"youpi-presta\"><strong>Prestation 2<\/strong><br><\/td>\n<td><span class=\"hidewhensmallscreen\">Mise \u00e0 disposition de <\/span><strong>25 Jeux en bois.<\/strong>.<br>12 jeux g\u00e9ants + 13 petits jeux.<br><strong>Animateur<\/strong> fourni (<span class=\"hidewhensmallscreen\">pr\u00e9sence <\/span>obligatoire).<br>Pr\u00e9sence de 40 personnes maximum.<\/td>\n<td>Journ\u00e9e, 9h&nbsp;: <b>310\u20ac<\/b><\/td>\n<\/tr>\n<tr><td class=\"youpi-presta\"><strong>Prestation 3<\/strong><br><\/td>\n<td><span class=\"hidewhensmallscreen\">Mise \u00e0 disposition de <\/span><strong>35 Jeux en bois<\/strong>.<br>15 jeux g\u00e9ants + 20 petits jeux.<br><strong>Animateur<\/strong> fourni (<span class=\"hidewhensmallscreen\">pr\u00e9sence <\/span>obligatoire).<br>Pr\u00e9sence de 60 personnes maximum.<\/td>\n<td>1&nbsp;journ\u00e9e 9h&nbsp;: <b>430\u20ac<\/b><br>2&nbsp;journ\u00e9es&nbsp;: <b>580\u20ac<\/b><br><\/td>\n<\/tr>\n<\/tbody><\/table>\n<\/figure>\n\n\n\n<p><strong>Pour toute prestation de plus de 9h compter 20\u20ac par heure suppl\u00e9mentaire.<\/strong><\/p>\n\n\n\n<p>Remarques : <br>Le nombre de personnes participantes est limit\u00e9 afin que chacun profite de l&rsquo;activit\u00e9, et pour \u00e9viter les d\u00e9bordements. Le nombre de personnes maximum concerne les b\u00e9n\u00e9ficiaires du services (enfants, adolescents, adultes).<br>La caution est encaissable d&rsquo;avance. Elle sera restitu\u00e9e \u00e0 la fin de la prestation, sauf en cas de d\u00e9gradation.<\/p>\n","protected":false},"excerpt":{"rendered":"<p>Ces jeux en bois s\u2019adressent aux particuliers, aux associations, aux communes (mairie\u2026), aux \u00e9tablissements scolaires ou de sant\u00e9&#8230; Les jeux conviennent pour tout \u00e9v\u00e9nement festif avec des enfants : kermesse d&rsquo;\u00e9cole, f\u00eate associative, mariage, anniversaire&#8230; Les jeux sont \u00e0 louer \u00e0 la demi-journ\u00e9e (5h maximum dont installation et rangement), \u00e0 la journ\u00e9e (9h maximum dont [&hellip;]<\/p>\n","protected":false},"author":1,"featured_media":0,"parent":0,"menu_order":0,"comment_status":"closed","ping_status":"closed","template":"","meta":{"ngg_post_thumbnail":0},"_links":{"self":[{"href":"https:\/\/youpi34.fr\/index.php?rest_route=\/wp\/v2\/pages\/13"}],"collection":[{"href":"https:\/\/youpi34.fr\/index.php?rest_route=\/wp\/v2\/pages"}],"about":[{"href":"https:\/\/youpi34.fr\/index.php?rest_route=\/wp\/v2\/types\/page"}],"author":[{"embeddable":true,"href":"https:\/\/youpi34.fr\/index.php?rest_route=\/wp\/v2\/users\/1"}],"replies":[{"embeddable":true,"href":"https:\/\/youpi34.fr\/index.php?rest_route=%2Fwp%2Fv2%2Fcomments&post=13"}],"version-history":[{"count":43,"href":"https:\/\/youpi34.fr\/index.php?rest_route=\/wp\/v2\/pages\/13\/revisions"}],"predecessor-version":[{"id":493,"href":"https:\/\/youpi34.fr\/index.php?rest_route=\/wp\/v2\/pages\/13\/revisions\/493"}],"wp:attachment":[{"href":"https:\/\/youpi34.fr\/index.php?rest_route=%2Fwp%2Fv2%2Fmedia&parent=13"}],"curies":[{"name":"wp","href":"https:\/\/api.w.org\/{rel}","templated":true}]}}